{"id":55706,"date":"2024-04-09T16:45:02","date_gmt":"2024-04-09T14:45:02","guid":{"rendered":"https:\/\/pension-schwaerzer.de\/?page_id=55706"},"modified":"2024-06-20T15:59:49","modified_gmt":"2024-06-20T13:59:49","slug":"buchung","status":"publish","type":"page","link":"https:\/\/pension-schwaerzer.de\/en\/buchung\/","title":{"rendered":"Buchung"},"content":{"rendered":"<div data-elementor-type=\"wp-page\" data-elementor-id=\"55706\" class=\"elementor elementor-55706\" data-elementor-post-type=\"page\">\n\t\t\t\t\t\t<section data-particle_enable=\"false\" data-particle-mobile-disabled=\"false\" class=\"elementor-section elementor-top-section elementor-element elementor-element-b7c3e0a elementor-section-full_width elementor-section-stretched elementor-section-height-min-height elementor-section-height-default elementor-section-items-middle\" data-id=\"b7c3e0a\" data-element_type=\"section\" data-settings=\"{&quot;background_background&quot;:&quot;classic&quot;,&quot;stretch_section&quot;:&quot;section-stretched&quot;}\">\n\t\t\t\t\t\t\t<div class=\"elementor-background-overlay\"><\/div>\n\t\t\t\t\t\t\t<div class=\"elementor-container elementor-column-gap-no\">\n\t\t\t\t\t<div class=\"elementor-column elementor-col-100 elementor-top-column elementor-element elementor-element-de59f28\" data-id=\"de59f28\" data-element_type=\"column\">\n\t\t\t<div class=\"elementor-widget-wrap\">\n\t\t\t\t\t\t\t<\/div>\n\t\t<\/div>\n\t\t\t\t\t<\/div>\n\t\t<\/section>\n\t\t\t\t<section data-particle_enable=\"false\" data-particle-mobile-disabled=\"false\" class=\"elementor-section elementor-top-section elementor-element elementor-element-737ce10 elementor-section-boxed elementor-section-height-default elementor-section-height-default\" data-id=\"737ce10\" data-element_type=\"section\">\n\t\t\t\t\t\t<div class=\"elementor-container elementor-column-gap-default\">\n\t\t\t\t\t<div class=\"elementor-column elementor-col-100 elementor-top-column elementor-element elementor-element-9be49c1\" data-id=\"9be49c1\" data-element_type=\"column\">\n\t\t\t<div class=\"elementor-widget-wrap elementor-element-populated\">\n\t\t\t\t\t\t<div class=\"elementor-element elementor-element-798dc97 elementor-widget elementor-widget-html\" data-id=\"798dc97\" data-element_type=\"widget\" data-widget_type=\"html.default\">\n\t\t\t\t<div class=\"elementor-widget-container\">\n\t\t\t<div id=\"viatoCbe\"><\/div>\t\t<\/div>\n\t\t\t\t<\/div>\n\t\t\t\t\t<\/div>\n\t\t<\/div>\n\t\t\t\t\t<\/div>\n\t\t<\/section>\n\t\t\t\t<section data-particle_enable=\"false\" data-particle-mobile-disabled=\"false\" class=\"elementor-section elementor-top-section elementor-element elementor-element-3ea4a31 elementor-section-boxed elementor-section-height-default elementor-section-height-default\" data-id=\"3ea4a31\" data-element_type=\"section\" data-settings=\"{&quot;background_background&quot;:&quot;classic&quot;}\">\n\t\t\t\t\t\t<div class=\"elementor-container elementor-column-gap-default\">\n\t\t\t\t\t<div class=\"elementor-column elementor-col-100 elementor-top-column elementor-element elementor-element-93689a4\" data-id=\"93689a4\" data-element_type=\"column\">\n\t\t\t<div class=\"elementor-widget-wrap elementor-element-populated\">\n\t\t\t\t\t\t<div class=\"elementor-element elementor-element-c166dfe elementor-widget elementor-widget-image\" data-id=\"c166dfe\" data-element_type=\"widget\" data-widget_type=\"image.default\">\n\t\t\t\t<div class=\"elementor-widget-container\">\n\t\t\t\t\t\t\t\t\t\t\t\t\t<img fetchpriority=\"high\" decoding=\"async\" width=\"1024\" height=\"274\" src=\"https:\/\/pension-schwaerzer.de\/wp-content\/uploads\/2023\/09\/contact-quote-schwaerzer-1024x274.png\" class=\"attachment-large size-large wp-image-55371\" alt=\"\" srcset=\"https:\/\/pension-schwaerzer.de\/wp-content\/uploads\/2023\/09\/contact-quote-schwaerzer-1024x274.png 1024w, https:\/\/pension-schwaerzer.de\/wp-content\/uploads\/2023\/09\/contact-quote-schwaerzer-500x134.png 500w, https:\/\/pension-schwaerzer.de\/wp-content\/uploads\/2023\/09\/contact-quote-schwaerzer-300x80.png 300w, https:\/\/pension-schwaerzer.de\/wp-content\/uploads\/2023\/09\/contact-quote-schwaerzer-768x206.png 768w, https:\/\/pension-schwaerzer.de\/wp-content\/uploads\/2023\/09\/contact-quote-schwaerzer-1536x411.png 1536w, https:\/\/pension-schwaerzer.de\/wp-content\/uploads\/2023\/09\/contact-quote-schwaerzer-2048x548.png 2048w, https:\/\/pension-schwaerzer.de\/wp-content\/uploads\/2023\/09\/contact-quote-schwaerzer-1000x268.png 1000w\" sizes=\"(max-width: 1024px) 100vw, 1024px\" \/>\t\t\t\t\t\t\t\t\t\t\t\t\t<\/div>\n\t\t\t\t<\/div>\n\t\t\t\t\t<\/div>\n\t\t<\/div>\n\t\t\t\t\t<\/div>\n\t\t<\/section>\n\t\t\t\t<section data-particle_enable=\"false\" data-particle-mobile-disabled=\"false\" class=\"elementor-section elementor-top-section elementor-element elementor-element-3afa1b1d elementor-section-stretched elementor-section-boxed elementor-section-height-default elementor-section-height-default\" data-id=\"3afa1b1d\" data-element_type=\"section\" data-settings=\"{&quot;background_background&quot;:&quot;classic&quot;,&quot;stretch_section&quot;:&quot;section-stretched&quot;}\">\n\t\t\t\t\t\t<div class=\"elementor-container elementor-column-gap-wider\">\n\t\t\t\t\t<div class=\"elementor-column elementor-col-100 elementor-top-column elementor-element elementor-element-76512591\" data-id=\"76512591\" data-element_type=\"column\">\n\t\t\t<div class=\"elementor-widget-wrap elementor-element-populated\">\n\t\t\t\t\t\t<div class=\"elementor-element elementor-element-7f117eb elementor-widget elementor-widget-heading\" data-id=\"7f117eb\" data-element_type=\"widget\" data-widget_type=\"heading.default\">\n\t\t\t\t<div class=\"elementor-widget-container\">\n\t\t\t<h2 class=\"elementor-heading-title elementor-size-default\">Do you have any questions?<\/h2>\t\t<\/div>\n\t\t\t\t<\/div>\n\t\t\t\t<div class=\"elementor-element elementor-element-1af420f elementor-widget__width-auto elementor-widget elementor-widget-text-editor\" data-id=\"1af420f\" data-element_type=\"widget\" data-widget_type=\"text-editor.default\">\n\t\t\t\t<div class=\"elementor-widget-container\">\n\t\t\t\t\t\t\t<p>Or would you like to book over the phone? Feel free to contact us.<\/p>\t\t\t\t\t\t<\/div>\n\t\t\t\t<\/div>\n\t\t\t\t<div class=\"elementor-element elementor-element-fe36073 elementor-widget elementor-widget-spacer\" data-id=\"fe36073\" data-element_type=\"widget\" data-widget_type=\"spacer.default\">\n\t\t\t\t<div class=\"elementor-widget-container\">\n\t\t\t\t\t<div class=\"elementor-spacer\">\n\t\t\t<div class=\"elementor-spacer-inner\"><\/div>\n\t\t<\/div>\n\t\t\t\t<\/div>\n\t\t\t\t<\/div>\n\t\t\t\t<section data-particle_enable=\"false\" data-particle-mobile-disabled=\"false\" class=\"elementor-section elementor-inner-section elementor-element elementor-element-a54176a elementor-section-content-middle elementor-section-boxed elementor-section-height-default elementor-section-height-default\" data-id=\"a54176a\" data-element_type=\"section\" data-settings=\"{&quot;background_background&quot;:&quot;classic&quot;}\">\n\t\t\t\t\t\t<div class=\"elementor-container elementor-column-gap-wider\">\n\t\t\t\t\t<div class=\"elementor-column elementor-col-50 elementor-inner-column elementor-element elementor-element-524cb3d6 elementor-invisible\" data-id=\"524cb3d6\" data-element_type=\"column\" data-settings=\"{&quot;animation&quot;:&quot;fadeIn&quot;,&quot;background_background&quot;:&quot;classic&quot;,&quot;background_motion_fx_motion_fx_scrolling&quot;:&quot;yes&quot;,&quot;background_motion_fx_translateY_effect&quot;:&quot;yes&quot;,&quot;background_motion_fx_translateY_speed&quot;:{&quot;unit&quot;:&quot;px&quot;,&quot;size&quot;:2,&quot;sizes&quot;:[]},&quot;background_motion_fx_translateY_affectedRange&quot;:{&quot;unit&quot;:&quot;%&quot;,&quot;size&quot;:&quot;&quot;,&quot;sizes&quot;:{&quot;start&quot;:0,&quot;end&quot;:100}},&quot;background_motion_fx_devices&quot;:[&quot;desktop&quot;,&quot;tablet&quot;,&quot;mobile&quot;]}\">\n\t\t\t<div class=\"elementor-widget-wrap elementor-element-populated\">\n\t\t\t\t\t\t<div class=\"elementor-element elementor-element-545cc408 elementor-widget elementor-widget-spacer\" data-id=\"545cc408\" data-element_type=\"widget\" data-widget_type=\"spacer.default\">\n\t\t\t\t<div class=\"elementor-widget-container\">\n\t\t\t\t\t<div class=\"elementor-spacer\">\n\t\t\t<div class=\"elementor-spacer-inner\"><\/div>\n\t\t<\/div>\n\t\t\t\t<\/div>\n\t\t\t\t<\/div>\n\t\t\t\t\t<\/div>\n\t\t<\/div>\n\t\t\t\t<div class=\"elementor-column elementor-col-50 elementor-inner-column elementor-element elementor-element-75183e71 elementor-invisible\" data-id=\"75183e71\" data-element_type=\"column\" data-settings=\"{&quot;animation&quot;:&quot;fadeIn&quot;,&quot;animation_delay&quot;:100,&quot;background_background&quot;:&quot;classic&quot;}\">\n\t\t\t<div class=\"elementor-widget-wrap elementor-element-populated\">\n\t\t\t\t\t\t<div class=\"elementor-element elementor-element-7c893634 elementor-widget elementor-widget-heading\" data-id=\"7c893634\" data-element_type=\"widget\" data-widget_type=\"heading.default\">\n\t\t\t\t<div class=\"elementor-widget-container\">\n\t\t\t<h3 class=\"elementor-heading-title elementor-size-default\">Pension Schw\u00e4rzer - Weiherhammer<\/h3>\t\t<\/div>\n\t\t\t\t<\/div>\n\t\t\t\t<div class=\"elementor-element elementor-element-a7b99a7 elementor-widget elementor-widget-spacer\" data-id=\"a7b99a7\" data-element_type=\"widget\" data-widget_type=\"spacer.default\">\n\t\t\t\t<div class=\"elementor-widget-container\">\n\t\t\t\t\t<div class=\"elementor-spacer\">\n\t\t\t<div class=\"elementor-spacer-inner\"><\/div>\n\t\t<\/div>\n\t\t\t\t<\/div>\n\t\t\t\t<\/div>\n\t\t\t\t<div class=\"elementor-element elementor-element-16ea2936 elementor-widget elementor-widget-heading\" data-id=\"16ea2936\" data-element_type=\"widget\" data-widget_type=\"heading.default\">\n\t\t\t\t<div class=\"elementor-widget-container\">\n\t\t\t<h3 class=\"elementor-heading-title elementor-size-default\">Contact<\/h3>\t\t<\/div>\n\t\t\t\t<\/div>\n\t\t\t\t<div class=\"elementor-element elementor-element-7f7bec72 elementor-widget elementor-widget-spacer\" data-id=\"7f7bec72\" data-element_type=\"widget\" data-widget_type=\"spacer.default\">\n\t\t\t\t<div class=\"elementor-widget-container\">\n\t\t\t\t\t<div class=\"elementor-spacer\">\n\t\t\t<div class=\"elementor-spacer-inner\"><\/div>\n\t\t<\/div>\n\t\t\t\t<\/div>\n\t\t\t\t<\/div>\n\t\t\t\t<div class=\"elementor-element elementor-element-cd36113 elementor-widget elementor-widget-text-editor\" data-id=\"cd36113\" data-element_type=\"widget\" data-widget_type=\"text-editor.default\">\n\t\t\t\t<div class=\"elementor-widget-container\">\n\t\t\t\t\t\t\t<p><a href=\"https:\/\/maps.app.goo.gl\/oM9gaK1GsefHHh8D9\">Eichenstra\u00dfe 12<\/a><\/p><p><a href=\"https:\/\/maps.app.goo.gl\/oM9gaK1GsefHHh8D9\">92729 Weiherhammer<\/a><\/p><p><a href=\"mailto:info@pension-schwaerzer.de\">info@pension-schwaerzer.de<\/a><\/p><p><a href=\"tel: 4996052804\">+49 (0) 9605 2804<\/a><\/p>\t\t\t\t\t\t<\/div>\n\t\t\t\t<\/div>\n\t\t\t\t\t<\/div>\n\t\t<\/div>\n\t\t\t\t\t<\/div>\n\t\t<\/section>\n\t\t\t\t\t<\/div>\n\t\t<\/div>\n\t\t\t\t\t<\/div>\n\t\t<\/section>\n\t\t\t\t<\/div>","protected":false},"excerpt":{"rendered":"<p>Sie haben R\u00fcckfragen? Oder m\u00f6chten telefonisch buchen? Dann kontaktieren Sie uns gerne. Pension Schw\u00e4rzer &#8211; Weiherhammer Kontakt Eichenstra\u00dfe 12 92729 Weiherhammer info@pension-schwaerzer.de +49 (0) 9605 2804<\/p>","protected":false},"author":1,"featured_media":0,"parent":0,"menu_order":1,"comment_status":"closed","ping_status":"closed","template":"elementor_header_footer","meta":{"footnotes":""},"class_list":["post-55706","page","type-page","status-publish","hentry"],"yoast_head":"<!-- This site is optimized with the Yoast SEO plugin v23.0 - https:\/\/yoast.com\/wordpress\/plugins\/seo\/ -->\n<title>Pension Schw\u00e4rzer Weiherhammer &#8226; Buchung<\/title>\n<meta name=\"robots\" content=\"index, follow, max-snippet:-1, max-image-preview:large, max-video-preview:-1\" \/>\n<link rel=\"canonical\" href=\"https:\/\/pension-schwaerzer.de\/en\/buchung\/\" \/>\n<meta property=\"og:locale\" content=\"en_GB\" \/>\n<meta property=\"og:type\" content=\"article\" \/>\n<meta property=\"og:title\" content=\"Pension Schw\u00e4rzer Weiherhammer &#8226; Buchung\" \/>\n<meta property=\"og:description\" content=\"Sie haben R\u00fcckfragen? Oder m\u00f6chten telefonisch buchen? Dann kontaktieren Sie uns gerne. Pension Schw\u00e4rzer &#8211; Weiherhammer Kontakt Eichenstra\u00dfe 12 92729 Weiherhammer info@pension-schwaerzer.de +49 (0) 9605 2804\" \/>\n<meta property=\"og:url\" content=\"https:\/\/pension-schwaerzer.de\/en\/buchung\/\" \/>\n<meta property=\"og:site_name\" content=\"Pension Schw\u00e4rzer\" \/>\n<meta property=\"article:modified_time\" content=\"2024-06-20T13:59:49+00:00\" \/>\n<meta property=\"og:image\" content=\"https:\/\/pension-schwaerzer.de\/wp-content\/uploads\/2023\/09\/contact-quote-schwaerzer-1024x274.png\" \/>\n<meta name=\"twitter:card\" content=\"summary_large_image\" \/>\n<script type=\"application\/ld+json\" class=\"yoast-schema-graph\">{\"@context\":\"https:\/\/schema.org\",\"@graph\":[{\"@type\":\"WebPage\",\"@id\":\"https:\/\/pension-schwaerzer.de\/buchung\/\",\"url\":\"https:\/\/pension-schwaerzer.de\/buchung\/\",\"name\":\"Pension Schw\u00e4rzer Weiherhammer &#8226; Buchung\",\"isPartOf\":{\"@id\":\"https:\/\/pension-schwaerzer.de\/#website\"},\"primaryImageOfPage\":{\"@id\":\"https:\/\/pension-schwaerzer.de\/buchung\/#primaryimage\"},\"image\":{\"@id\":\"https:\/\/pension-schwaerzer.de\/buchung\/#primaryimage\"},\"thumbnailUrl\":\"https:\/\/pension-schwaerzer.de\/wp-content\/uploads\/2023\/09\/contact-quote-schwaerzer-1024x274.png\",\"datePublished\":\"2024-04-09T14:45:02+00:00\",\"dateModified\":\"2024-06-20T13:59:49+00:00\",\"breadcrumb\":{\"@id\":\"https:\/\/pension-schwaerzer.de\/buchung\/#breadcrumb\"},\"inLanguage\":\"en-GB\",\"potentialAction\":[{\"@type\":\"ReadAction\",\"target\":[\"https:\/\/pension-schwaerzer.de\/buchung\/\"]}]},{\"@type\":\"ImageObject\",\"inLanguage\":\"en-GB\",\"@id\":\"https:\/\/pension-schwaerzer.de\/buchung\/#primaryimage\",\"url\":\"https:\/\/pension-schwaerzer.de\/wp-content\/uploads\/2023\/09\/contact-quote-schwaerzer-1024x274.png\",\"contentUrl\":\"https:\/\/pension-schwaerzer.de\/wp-content\/uploads\/2023\/09\/contact-quote-schwaerzer-1024x274.png\"},{\"@type\":\"BreadcrumbList\",\"@id\":\"https:\/\/pension-schwaerzer.de\/buchung\/#breadcrumb\",\"itemListElement\":[{\"@type\":\"ListItem\",\"position\":1,\"name\":\"Startseite\",\"item\":\"https:\/\/pension-schwaerzer.de\/\"},{\"@type\":\"ListItem\",\"position\":2,\"name\":\"Buchung\"}]},{\"@type\":\"WebSite\",\"@id\":\"https:\/\/pension-schwaerzer.de\/#website\",\"url\":\"https:\/\/pension-schwaerzer.de\/\",\"name\":\"Pension Schw\u00e4rzer\",\"description\":\"Weiherhammer\",\"publisher\":{\"@id\":\"https:\/\/pension-schwaerzer.de\/#organization\"},\"potentialAction\":[{\"@type\":\"SearchAction\",\"target\":{\"@type\":\"EntryPoint\",\"urlTemplate\":\"https:\/\/pension-schwaerzer.de\/?s={search_term_string}\"},\"query-input\":\"required name=search_term_string\"}],\"inLanguage\":\"en-GB\"},{\"@type\":\"Organization\",\"@id\":\"https:\/\/pension-schwaerzer.de\/#organization\",\"name\":\"Pension Schw\u00e4rzer\",\"url\":\"https:\/\/pension-schwaerzer.de\/\",\"logo\":{\"@type\":\"ImageObject\",\"inLanguage\":\"en-GB\",\"@id\":\"https:\/\/pension-schwaerzer.de\/#\/schema\/logo\/image\/\",\"url\":\"https:\/\/pension-schwaerzer.de\/wp-content\/uploads\/2021\/09\/2022-11-17_logo_pension_schwaerzer_4c_negativ0.png\",\"contentUrl\":\"https:\/\/pension-schwaerzer.de\/wp-content\/uploads\/2021\/09\/2022-11-17_logo_pension_schwaerzer_4c_negativ0.png\",\"width\":800,\"height\":336,\"caption\":\"Pension Schw\u00e4rzer\"},\"image\":{\"@id\":\"https:\/\/pension-schwaerzer.de\/#\/schema\/logo\/image\/\"}}]}<\/script>\n<!-- \/ Yoast SEO plugin. -->","yoast_head_json":{"title":"Pension Schw\u00e4rzer Weiherhammer &#8226; Buchung","robots":{"index":"index","follow":"follow","max-snippet":"max-snippet:-1","max-image-preview":"max-image-preview:large","max-video-preview":"max-video-preview:-1"},"canonical":"https:\/\/pension-schwaerzer.de\/en\/buchung\/","og_locale":"en_GB","og_type":"article","og_title":"Pension Schw\u00e4rzer Weiherhammer &#8226; Buchung","og_description":"Sie haben R\u00fcckfragen? Oder m\u00f6chten telefonisch buchen? Dann kontaktieren Sie uns gerne. Pension Schw\u00e4rzer &#8211; Weiherhammer Kontakt Eichenstra\u00dfe 12 92729 Weiherhammer info@pension-schwaerzer.de +49 (0) 9605 2804","og_url":"https:\/\/pension-schwaerzer.de\/en\/buchung\/","og_site_name":"Pension Schw\u00e4rzer","article_modified_time":"2024-06-20T13:59:49+00:00","og_image":[{"url":"https:\/\/pension-schwaerzer.de\/wp-content\/uploads\/2023\/09\/contact-quote-schwaerzer-1024x274.png"}],"twitter_card":"summary_large_image","schema":{"@context":"https:\/\/schema.org","@graph":[{"@type":"WebPage","@id":"https:\/\/pension-schwaerzer.de\/buchung\/","url":"https:\/\/pension-schwaerzer.de\/buchung\/","name":"Pension Schw\u00e4rzer Weiherhammer &#8226; Buchung","isPartOf":{"@id":"https:\/\/pension-schwaerzer.de\/#website"},"primaryImageOfPage":{"@id":"https:\/\/pension-schwaerzer.de\/buchung\/#primaryimage"},"image":{"@id":"https:\/\/pension-schwaerzer.de\/buchung\/#primaryimage"},"thumbnailUrl":"https:\/\/pension-schwaerzer.de\/wp-content\/uploads\/2023\/09\/contact-quote-schwaerzer-1024x274.png","datePublished":"2024-04-09T14:45:02+00:00","dateModified":"2024-06-20T13:59:49+00:00","breadcrumb":{"@id":"https:\/\/pension-schwaerzer.de\/buchung\/#breadcrumb"},"inLanguage":"en-GB","potentialAction":[{"@type":"ReadAction","target":["https:\/\/pension-schwaerzer.de\/buchung\/"]}]},{"@type":"ImageObject","inLanguage":"en-GB","@id":"https:\/\/pension-schwaerzer.de\/buchung\/#primaryimage","url":"https:\/\/pension-schwaerzer.de\/wp-content\/uploads\/2023\/09\/contact-quote-schwaerzer-1024x274.png","contentUrl":"https:\/\/pension-schwaerzer.de\/wp-content\/uploads\/2023\/09\/contact-quote-schwaerzer-1024x274.png"},{"@type":"BreadcrumbList","@id":"https:\/\/pension-schwaerzer.de\/buchung\/#breadcrumb","itemListElement":[{"@type":"ListItem","position":1,"name":"Startseite","item":"https:\/\/pension-schwaerzer.de\/"},{"@type":"ListItem","position":2,"name":"Buchung"}]},{"@type":"WebSite","@id":"https:\/\/pension-schwaerzer.de\/#website","url":"https:\/\/pension-schwaerzer.de\/","name":"Pension Schw\u00e4rzer","description":"Weiherhammer","publisher":{"@id":"https:\/\/pension-schwaerzer.de\/#organization"},"potentialAction":[{"@type":"SearchAction","target":{"@type":"EntryPoint","urlTemplate":"https:\/\/pension-schwaerzer.de\/?s={search_term_string}"},"query-input":"required name=search_term_string"}],"inLanguage":"en-GB"},{"@type":"Organization","@id":"https:\/\/pension-schwaerzer.de\/#organization","name":"Pension Schw\u00e4rzer","url":"https:\/\/pension-schwaerzer.de\/","logo":{"@type":"ImageObject","inLanguage":"en-GB","@id":"https:\/\/pension-schwaerzer.de\/#\/schema\/logo\/image\/","url":"https:\/\/pension-schwaerzer.de\/wp-content\/uploads\/2021\/09\/2022-11-17_logo_pension_schwaerzer_4c_negativ0.png","contentUrl":"https:\/\/pension-schwaerzer.de\/wp-content\/uploads\/2021\/09\/2022-11-17_logo_pension_schwaerzer_4c_negativ0.png","width":800,"height":336,"caption":"Pension Schw\u00e4rzer"},"image":{"@id":"https:\/\/pension-schwaerzer.de\/#\/schema\/logo\/image\/"}}]}},"_links":{"self":[{"href":"https:\/\/pension-schwaerzer.de\/en\/wp-json\/wp\/v2\/pages\/55706"}],"collection":[{"href":"https:\/\/pension-schwaerzer.de\/en\/wp-json\/wp\/v2\/pages"}],"about":[{"href":"https:\/\/pension-schwaerzer.de\/en\/wp-json\/wp\/v2\/types\/page"}],"author":[{"embeddable":true,"href":"https:\/\/pension-schwaerzer.de\/en\/wp-json\/wp\/v2\/users\/1"}],"replies":[{"embeddable":true,"href":"https:\/\/pension-schwaerzer.de\/en\/wp-json\/wp\/v2\/comments?post=55706"}],"version-history":[{"count":10,"href":"https:\/\/pension-schwaerzer.de\/en\/wp-json\/wp\/v2\/pages\/55706\/revisions"}],"predecessor-version":[{"id":55840,"href":"https:\/\/pension-schwaerzer.de\/en\/wp-json\/wp\/v2\/pages\/55706\/revisions\/55840"}],"wp:attachment":[{"href":"https:\/\/pension-schwaerzer.de\/en\/wp-json\/wp\/v2\/media?parent=55706"}],"curies":[{"name":"wp","href":"https:\/\/api.w.org\/{rel}","templated":true}]}}